{"id":6909,"date":"2024-05-02T11:41:09","date_gmt":"2024-05-02T11:41:09","guid":{"rendered":"https:\/\/millercanfield.pl\/about-miller-canfield\/"},"modified":"2024-07-04T23:04:12","modified_gmt":"2024-07-04T23:04:12","slug":"about-miller-canfield","status":"publish","type":"page","link":"https:\/\/millercanfield.pl\/en\/about-miller-canfield\/","title":{"rendered":"About Miller Canfield"},"content":{"rendered":"\t\t<div data-elementor-type=\"wp-page\" data-elementor-id=\"6909\" class=\"elementor elementor-6909 elementor-356\" data-elementor-post-type=\"page\">\n\t\t\t\t<div class=\"elementor-element elementor-element-40ac528 e-flex e-con-boxed e-con e-parent\" data-id=\"40ac528\" data-element_type=\"container\" data-e-type=\"container\">\n\t\t\t\t\t<div class=\"e-con-inner\">\n\t\t<div class=\"elementor-element elementor-element-7588bfc e-con-full e-flex e-con e-child\" data-id=\"7588bfc\" data-element_type=\"container\" data-e-type=\"container\">\n\t\t\t\t<div class=\"elementor-element elementor-element-b731f62 elementor-hidden-tablet elementor-hidden-mobile_extra elementor-hidden-mobile exad-sticky-section-no exad-glass-effect-no elementor-widget elementor-widget-text-editor\" data-id=\"b731f62\" data-element_type=\"widget\" data-e-type=\"widget\" data-widget_type=\"text-editor.default\">\n\t\t\t\t<div class=\"elementor-widget-container\">\n\t\t\t\t\t\t\t\t\t<p><strong>30 years in Poland, 170 years in the world<\/strong><\/p>\n<p><strong> <\/strong><\/p>\n\t\t\t\t\t\t\t\t<\/div>\n\t\t\t\t<\/div>\n\t\t\t\t<div class=\"elementor-element elementor-element-f0f0ba8 elementor-hidden-tablet elementor-hidden-mobile_extra elementor-hidden-mobile exad-sticky-section-no exad-glass-effect-no elementor-widget elementor-widget-text-editor\" data-id=\"f0f0ba8\" data-element_type=\"widget\" data-e-type=\"widget\" data-widget_type=\"text-editor.default\">\n\t\t\t\t<div class=\"elementor-widget-container\">\n\t\t\t\t\t\t\t\t\t<p>Miller, Canfield, Paddock and Stone PLC has a rich history dating back to 1852 when Sidney Davy Miller established his law practice on Jefferson Avenue in Detroit, Michigan, which was soon to become and remain one of the largest industrial centers of the United States. Currently, the firm employs over 220 lawyers and operates 19 offices worldwide, including three offices in Poland. Remarkably, the address in Detroit remains the same \u2013 Jefferson Avenue.  <\/p>\n\t\t\t\t\t\t\t\t<\/div>\n\t\t\t\t<\/div>\n\t\t\t\t<div class=\"elementor-element elementor-element-86c0867 content exad-sticky-section-no exad-glass-effect-no elementor-widget elementor-widget-text-editor\" data-id=\"86c0867\" data-element_type=\"widget\" data-e-type=\"widget\" data-widget_type=\"text-editor.default\">\n\t\t\t\t<div class=\"elementor-widget-container\">\n\t\t\t\t\t\t\t\t\t<p><a href=\"https:\/\/millercanfield.pl\/wp-content\/uploads\/2024\/05\/The-Founder-1852-1904.pdf\" target=\"_blank\" rel=\"noopener\">Sidney Davy Miller \u2013 a closer look at the founder of Miller Canfield Law Firm<\/a><\/p>\n\t\t\t\t\t\t\t\t<\/div>\n\t\t\t\t<\/div>\n\t\t\t\t<div class=\"elementor-element elementor-element-790fd09 exad-sticky-section-no exad-glass-effect-no elementor-widget elementor-widget-fswp-text-unfold\" data-id=\"790fd09\" data-element_type=\"widget\" data-e-type=\"widget\" data-widget_type=\"fswp-text-unfold.default\">\n\t\t\t\t<div class=\"elementor-widget-container\">\n\t\t\t\t\t        <div class=\"fswp-elt--read-more-main-wrapper\">\n                    <div class=\"fswp-elt--read-more-content-wrapper\">\n                            <div class=\"fswp-elt--read-more-content\">\n                    <p>Miller Canfield has been active in Poland since 1992. It is no coincidence that the beginnings of the law firm's activity are associated with Gda\u0144sk, the cradle of Solidarity, as the first Polish project of our law firm was advising on the launch of Solidarno\u015b\u0107 Chase DT Bank in this city \u2013 a pioneering Polish commercial bank with U.S. capital and Solidarity Trade Union participation. Since then, Miller Canfield has continuously served foreign investors and Polish companies, participating in diverse projects across various sectors of the economy. Our lawyers adeptly handle complex legal matters, building a unique reputation and strong connections in the Polish market.<\/p><p><strong>Always close to the client \u2013 global reach and a personal approach<\/strong><\/p><p>We offer comprehensive legal services to companies operating in Poland and abroad, spanning various sectors of the economy. Our versatile legal advice covers a wide range of business, private, and public law matters. Additionally, we represent clients in transactions, court proceedings, arbitration, and administrative matters. \u00a0<\/p><p>Miller Canfield maintains offices in three regions of Poland \u2013 Warsaw, Gdynia, and Wroc\u0142aw. This strategic presence allows us to efficiently \u00a0serve clients by understanding local business conditions and maintaining personal contact across the country. Our lawyers primarily provide services in Polish and English, with proficiency in French, Spanish, German, Ukrainian, and Russian.<\/p><p>Understanding our clients\u2019 specific business needs and interests is paramount. We develop practical and effective legal solutions tailored to their requirements and capabilities. Through personalized and flexible approaches, we build enduring relationships based on trust, confirming of our expertise.<\/p><p><strong>Knowledge and experience for your company<\/strong><\/p><p>Our over thirty-year presence in the Polish market, combined with extensive experience and comprehensive knowledge, sets us apart. We adhere to the highest standards, and legal service methodology from our parent law firm.<\/p><p>Collaboration with legal academic communities grants clients access not only to practical legal knowledge but also to academic experts from various areas of law, especially in business and real estate law.<\/p><p>As the sole member in Poland of the prestigious international association <strong><em>Employment Law Alliance<\/em><\/strong>, we collaborate with law firms specializing in labor and immigration law across 100+ jurisdictions. Additionally, we work closely with reputable law firms in Europe, the USA, and other regions, providing professional legal support for international business ventures.<\/p><p>Working closely with our lawyers in the USA, who bring their experience and knowledge of the American market, we effectively support Polish entrepreneurs of all sizes in establishing and expanding their business activities in the United States and Canada.<\/p><p>The dynamic and ongoing economic and social transformations worldwide, technological changes, and the emerging era of artificial intelligence present ongoing challenges for us and our clients. We constantly educate ourselves, providing clients with current expertise while contributing to their achievements.<\/p><p>Welcome to Miller Canfield!<\/p>                <\/div>\n                                    <a class=\"fswp-elt--read-more more show-icon\"\n                        data-height=\"100\"\n                        data-more=\"More information\"\n                        data-less=\"Less information\">\n                        <span class=\"fswp-elt--read-more-text\">\n                            More information                        <\/span>\n                                                    <span class=\"fswp-elt--read-more-icon more\">\n                                <svg xmlns=\"http:\/\/www.w3.org\/2000\/svg\" width=\"17\" height=\"18\" viewBox=\"0 0 17 18\" fill=\"none\"><path d=\"M8.5 1.58821L8.5 16.4117M8.5 16.4117L1.5 9.41174M8.5 16.4117L15.5 9.41174\" stroke=\"#00274C\" stroke-width=\"2.5\" stroke-linecap=\"round\" stroke-linejoin=\"round\"><\/path><\/svg>                            <\/span>\n                                                                            <span class=\"fswp-elt--read-more-icon less\">\n                                <svg xmlns=\"http:\/\/www.w3.org\/2000\/svg\" width=\"17\" height=\"18\" viewBox=\"0 0 17 18\" fill=\"none\"><path d=\"M8.5 16.4117L8.5 1.58821M8.5 1.58821L1.5 8.58821M8.5 1.58821L15.5 8.58821\" stroke=\"#00274C\" stroke-width=\"2.5\" stroke-linecap=\"round\" stroke-linejoin=\"round\"><\/path><\/svg>                            <\/span>\n                                            <\/a>\n                    <\/div><!--read-more-content-wrapper-->\n        <\/div>\n    \t\t\t\t<\/div>\n\t\t\t\t<\/div>\n\t\t\t\t<\/div>\n\t\t<div class=\"elementor-element elementor-element-fdd783c e-con-full e-flex e-con e-child\" data-id=\"fdd783c\" data-element_type=\"container\" data-e-type=\"container\">\n\t\t\t\t<div class=\"elementor-element elementor-element-49a7557 exad-sticky-section-no exad-glass-effect-no elementor-widget elementor-widget-image\" data-id=\"49a7557\" data-element_type=\"widget\" data-e-type=\"widget\" data-widget_type=\"image.default\">\n\t\t\t\t<div class=\"elementor-widget-container\">\n\t\t\t\t\t\t\t\t\t\t\t\t\t\t\t<img fetchpriority=\"high\" decoding=\"async\" width=\"797\" height=\"725\" src=\"https:\/\/millercanfield.pl\/wp-content\/uploads\/2024\/05\/o_kancelarii.png\" class=\"attachment-large size-large wp-image-680\" alt=\"\" srcset=\"https:\/\/millercanfield.pl\/wp-content\/uploads\/2024\/05\/o_kancelarii.png 797w, https:\/\/millercanfield.pl\/wp-content\/uploads\/2024\/05\/o_kancelarii-300x273.png 300w, https:\/\/millercanfield.pl\/wp-content\/uploads\/2024\/05\/o_kancelarii-768x699.png 768w\" sizes=\"(max-width: 797px) 100vw, 797px\" \/>\t\t\t\t\t\t\t\t\t\t\t\t\t\t\t<\/div>\n\t\t\t\t<\/div>\n\t\t\t\t<\/div>\n\t\t\t\t<div class=\"elementor-element elementor-element-673a305 elementor-hidden-desktop elementor-hidden-laptop elementor-hidden-tablet_extra elementor-hidden-widescreen exad-sticky-section-no exad-glass-effect-no elementor-widget elementor-widget-text-editor\" data-id=\"673a305\" data-element_type=\"widget\" data-e-type=\"widget\" data-widget_type=\"text-editor.default\">\n\t\t\t\t<div class=\"elementor-widget-container\">\n\t\t\t\t\t\t\t\t\t<p>Miller, Canfield, Paddock and Stone PLC has a rich history dating back to 1852 when Sidney Davy Miller established his law practice on Jefferson Avenue in Detroit, Michigan, which was soon to become and remain one of the largest industrial centers of the United States. Currently, the firm employs over 220 lawyers and operates 19 offices worldwide, including three offices in Poland. Remarkably, the address in Detroit remains the same \u2013 Jefferson Avenue.  <\/p>\n\t\t\t\t\t\t\t\t<\/div>\n\t\t\t\t<\/div>\n\t\t\t\t<div class=\"elementor-element elementor-element-2e82c87 elementor-hidden-widescreen elementor-hidden-desktop elementor-hidden-laptop elementor-hidden-tablet_extra exad-sticky-section-no exad-glass-effect-no elementor-widget elementor-widget-text-editor\" data-id=\"2e82c87\" data-element_type=\"widget\" data-e-type=\"widget\" data-widget_type=\"text-editor.default\">\n\t\t\t\t<div class=\"elementor-widget-container\">\n\t\t\t\t\t\t\t\t\t<p><strong>30 years in Poland, 170 years in the world<\/strong><\/p>\n\t\t\t\t\t\t\t\t<\/div>\n\t\t\t\t<\/div>\n\t\t\t\t\t<\/div>\n\t\t\t\t<\/div>\n\t\t\t\t<\/div>\n\t\t","protected":false},"excerpt":{"rendered":"<p>30 years in Poland, 170 years in the world Miller, Canfield, Paddock and Stone PLC has a rich history dating back to 1852 when Sidney Davy Miller established his law practice on Jefferson Avenue in Detroit, Michigan, which was soon to become and remain one of the largest industrial centers of the United States. Currently, [&hellip;]<\/p>\n","protected":false},"author":4,"featured_media":813,"parent":0,"menu_order":0,"comment_status":"closed","ping_status":"closed","template":"","meta":{"_acf_changed":false,"footnotes":""},"class_list":["post-6909","page","type-page","status-publish","has-post-thumbnail","hentry"],"acf":[],"yoast_head":"<!-- This site is optimized with the Yoast SEO plugin v27.4 - https:\/\/yoast.com\/product\/yoast-seo-wordpress\/ -->\n<title>About Miller Canfield - MillerCanfield<\/title>\n<meta name=\"robots\" content=\"index, follow, max-snippet:-1, max-image-preview:large, max-video-preview:-1\" \/>\n<link rel=\"canonical\" href=\"https:\/\/millercanfield.pl\/en\/about-miller-canfield\/\" \/>\n<meta property=\"og:locale\" content=\"en_US\" \/>\n<meta property=\"og:type\" content=\"article\" \/>\n<meta property=\"og:title\" content=\"About Miller Canfield - MillerCanfield\" \/>\n<meta property=\"og:description\" content=\"30 years in Poland, 170 years in the world Miller, Canfield, Paddock and Stone PLC has a rich history dating back to 1852 when Sidney Davy Miller established his law practice on Jefferson Avenue in Detroit, Michigan, which was soon to become and remain one of the largest industrial centers of the United States. Currently, [&hellip;]\" \/>\n<meta property=\"og:url\" content=\"https:\/\/millercanfield.pl\/en\/about-miller-canfield\/\" \/>\n<meta property=\"og:site_name\" content=\"MillerCanfield\" \/>\n<meta property=\"article:modified_time\" content=\"2024-07-04T23:04:12+00:00\" \/>\n<meta property=\"og:image\" content=\"https:\/\/millercanfield.pl\/wp-content\/uploads\/2024\/05\/iStock-1428456121-scaled.jpg\" \/>\n\t<meta property=\"og:image:width\" content=\"2560\" \/>\n\t<meta property=\"og:image:height\" content=\"1920\" \/>\n\t<meta property=\"og:image:type\" content=\"image\/jpeg\" \/>\n<meta name=\"twitter:card\" content=\"summary_large_image\" \/>\n<meta name=\"twitter:label1\" content=\"Est. reading time\" \/>\n\t<meta name=\"twitter:data1\" content=\"3 minutes\" \/>\n<script type=\"application\/ld+json\" class=\"yoast-schema-graph\">{\"@context\":\"https:\\\/\\\/schema.org\",\"@graph\":[{\"@type\":\"WebPage\",\"@id\":\"https:\\\/\\\/millercanfield.pl\\\/en\\\/about-miller-canfield\\\/\",\"url\":\"https:\\\/\\\/millercanfield.pl\\\/en\\\/about-miller-canfield\\\/\",\"name\":\"About Miller Canfield - MillerCanfield\",\"isPartOf\":{\"@id\":\"https:\\\/\\\/millercanfield.pl\\\/en\\\/#website\"},\"primaryImageOfPage\":{\"@id\":\"https:\\\/\\\/millercanfield.pl\\\/en\\\/about-miller-canfield\\\/#primaryimage\"},\"image\":{\"@id\":\"https:\\\/\\\/millercanfield.pl\\\/en\\\/about-miller-canfield\\\/#primaryimage\"},\"thumbnailUrl\":\"https:\\\/\\\/millercanfield.pl\\\/wp-content\\\/uploads\\\/2024\\\/05\\\/iStock-1428456121-scaled.jpg\",\"datePublished\":\"2024-05-02T11:41:09+00:00\",\"dateModified\":\"2024-07-04T23:04:12+00:00\",\"breadcrumb\":{\"@id\":\"https:\\\/\\\/millercanfield.pl\\\/en\\\/about-miller-canfield\\\/#breadcrumb\"},\"inLanguage\":\"en-US\",\"potentialAction\":[{\"@type\":\"ReadAction\",\"target\":[\"https:\\\/\\\/millercanfield.pl\\\/en\\\/about-miller-canfield\\\/\"]}]},{\"@type\":\"ImageObject\",\"inLanguage\":\"en-US\",\"@id\":\"https:\\\/\\\/millercanfield.pl\\\/en\\\/about-miller-canfield\\\/#primaryimage\",\"url\":\"https:\\\/\\\/millercanfield.pl\\\/wp-content\\\/uploads\\\/2024\\\/05\\\/iStock-1428456121-scaled.jpg\",\"contentUrl\":\"https:\\\/\\\/millercanfield.pl\\\/wp-content\\\/uploads\\\/2024\\\/05\\\/iStock-1428456121-scaled.jpg\",\"width\":2560,\"height\":1920,\"caption\":\"Aerial view of Marina in Gdynia , Poland\"},{\"@type\":\"BreadcrumbList\",\"@id\":\"https:\\\/\\\/millercanfield.pl\\\/en\\\/about-miller-canfield\\\/#breadcrumb\",\"itemListElement\":[{\"@type\":\"ListItem\",\"position\":1,\"name\":\"Strona g\u0142\u00f3wna\",\"item\":\"https:\\\/\\\/millercanfield.pl\\\/en\\\/\"},{\"@type\":\"ListItem\",\"position\":2,\"name\":\"About Miller Canfield\"}]},{\"@type\":\"WebSite\",\"@id\":\"https:\\\/\\\/millercanfield.pl\\\/en\\\/#website\",\"url\":\"https:\\\/\\\/millercanfield.pl\\\/en\\\/\",\"name\":\"MillerCanfield\",\"description\":\"\",\"publisher\":{\"@id\":\"https:\\\/\\\/millercanfield.pl\\\/en\\\/#organization\"},\"potentialAction\":[{\"@type\":\"SearchAction\",\"target\":{\"@type\":\"EntryPoint\",\"urlTemplate\":\"https:\\\/\\\/millercanfield.pl\\\/en\\\/?s={search_term_string}\"},\"query-input\":{\"@type\":\"PropertyValueSpecification\",\"valueRequired\":true,\"valueName\":\"search_term_string\"}}],\"inLanguage\":\"en-US\"},{\"@type\":\"Organization\",\"@id\":\"https:\\\/\\\/millercanfield.pl\\\/en\\\/#organization\",\"name\":\"Miller Canfield\",\"url\":\"https:\\\/\\\/millercanfield.pl\\\/en\\\/\",\"logo\":{\"@type\":\"ImageObject\",\"inLanguage\":\"en-US\",\"@id\":\"https:\\\/\\\/millercanfield.pl\\\/en\\\/#\\\/schema\\\/logo\\\/image\\\/\",\"url\":\"https:\\\/\\\/millercanfield.pl\\\/wp-content\\\/uploads\\\/2024\\\/04\\\/mclogo.png\",\"contentUrl\":\"https:\\\/\\\/millercanfield.pl\\\/wp-content\\\/uploads\\\/2024\\\/04\\\/mclogo.png\",\"width\":684,\"height\":250,\"caption\":\"Miller Canfield\"},\"image\":{\"@id\":\"https:\\\/\\\/millercanfield.pl\\\/en\\\/#\\\/schema\\\/logo\\\/image\\\/\"},\"sameAs\":[\"https:\\\/\\\/www.linkedin.com\\\/company\\\/miller-canfield-poland-real-estate\\\/\"]}]}<\/script>\n<!-- \/ Yoast SEO plugin. -->","yoast_head_json":{"title":"About Miller Canfield - MillerCanfield","robots":{"index":"index","follow":"follow","max-snippet":"max-snippet:-1","max-image-preview":"max-image-preview:large","max-video-preview":"max-video-preview:-1"},"canonical":"https:\/\/millercanfield.pl\/en\/about-miller-canfield\/","og_locale":"en_US","og_type":"article","og_title":"About Miller Canfield - MillerCanfield","og_description":"30 years in Poland, 170 years in the world Miller, Canfield, Paddock and Stone PLC has a rich history dating back to 1852 when Sidney Davy Miller established his law practice on Jefferson Avenue in Detroit, Michigan, which was soon to become and remain one of the largest industrial centers of the United States. Currently, [&hellip;]","og_url":"https:\/\/millercanfield.pl\/en\/about-miller-canfield\/","og_site_name":"MillerCanfield","article_modified_time":"2024-07-04T23:04:12+00:00","og_image":[{"width":2560,"height":1920,"url":"https:\/\/millercanfield.pl\/wp-content\/uploads\/2024\/05\/iStock-1428456121-scaled.jpg","type":"image\/jpeg"}],"twitter_card":"summary_large_image","twitter_misc":{"Est. reading time":"3 minutes"},"schema":{"@context":"https:\/\/schema.org","@graph":[{"@type":"WebPage","@id":"https:\/\/millercanfield.pl\/en\/about-miller-canfield\/","url":"https:\/\/millercanfield.pl\/en\/about-miller-canfield\/","name":"About Miller Canfield - MillerCanfield","isPartOf":{"@id":"https:\/\/millercanfield.pl\/en\/#website"},"primaryImageOfPage":{"@id":"https:\/\/millercanfield.pl\/en\/about-miller-canfield\/#primaryimage"},"image":{"@id":"https:\/\/millercanfield.pl\/en\/about-miller-canfield\/#primaryimage"},"thumbnailUrl":"https:\/\/millercanfield.pl\/wp-content\/uploads\/2024\/05\/iStock-1428456121-scaled.jpg","datePublished":"2024-05-02T11:41:09+00:00","dateModified":"2024-07-04T23:04:12+00:00","breadcrumb":{"@id":"https:\/\/millercanfield.pl\/en\/about-miller-canfield\/#breadcrumb"},"inLanguage":"en-US","potentialAction":[{"@type":"ReadAction","target":["https:\/\/millercanfield.pl\/en\/about-miller-canfield\/"]}]},{"@type":"ImageObject","inLanguage":"en-US","@id":"https:\/\/millercanfield.pl\/en\/about-miller-canfield\/#primaryimage","url":"https:\/\/millercanfield.pl\/wp-content\/uploads\/2024\/05\/iStock-1428456121-scaled.jpg","contentUrl":"https:\/\/millercanfield.pl\/wp-content\/uploads\/2024\/05\/iStock-1428456121-scaled.jpg","width":2560,"height":1920,"caption":"Aerial view of Marina in Gdynia , Poland"},{"@type":"BreadcrumbList","@id":"https:\/\/millercanfield.pl\/en\/about-miller-canfield\/#breadcrumb","itemListElement":[{"@type":"ListItem","position":1,"name":"Strona g\u0142\u00f3wna","item":"https:\/\/millercanfield.pl\/en\/"},{"@type":"ListItem","position":2,"name":"About Miller Canfield"}]},{"@type":"WebSite","@id":"https:\/\/millercanfield.pl\/en\/#website","url":"https:\/\/millercanfield.pl\/en\/","name":"MillerCanfield","description":"","publisher":{"@id":"https:\/\/millercanfield.pl\/en\/#organization"},"potentialAction":[{"@type":"SearchAction","target":{"@type":"EntryPoint","urlTemplate":"https:\/\/millercanfield.pl\/en\/?s={search_term_string}"},"query-input":{"@type":"PropertyValueSpecification","valueRequired":true,"valueName":"search_term_string"}}],"inLanguage":"en-US"},{"@type":"Organization","@id":"https:\/\/millercanfield.pl\/en\/#organization","name":"Miller Canfield","url":"https:\/\/millercanfield.pl\/en\/","logo":{"@type":"ImageObject","inLanguage":"en-US","@id":"https:\/\/millercanfield.pl\/en\/#\/schema\/logo\/image\/","url":"https:\/\/millercanfield.pl\/wp-content\/uploads\/2024\/04\/mclogo.png","contentUrl":"https:\/\/millercanfield.pl\/wp-content\/uploads\/2024\/04\/mclogo.png","width":684,"height":250,"caption":"Miller Canfield"},"image":{"@id":"https:\/\/millercanfield.pl\/en\/#\/schema\/logo\/image\/"},"sameAs":["https:\/\/www.linkedin.com\/company\/miller-canfield-poland-real-estate\/"]}]}},"_links":{"self":[{"href":"https:\/\/millercanfield.pl\/en\/wp-json\/wp\/v2\/pages\/6909","targetHints":{"allow":["GET"]}}],"collection":[{"href":"https:\/\/millercanfield.pl\/en\/wp-json\/wp\/v2\/pages"}],"about":[{"href":"https:\/\/millercanfield.pl\/en\/wp-json\/wp\/v2\/types\/page"}],"author":[{"embeddable":true,"href":"https:\/\/millercanfield.pl\/en\/wp-json\/wp\/v2\/users\/4"}],"replies":[{"embeddable":true,"href":"https:\/\/millercanfield.pl\/en\/wp-json\/wp\/v2\/comments?post=6909"}],"version-history":[{"count":0,"href":"https:\/\/millercanfield.pl\/en\/wp-json\/wp\/v2\/pages\/6909\/revisions"}],"wp:featuredmedia":[{"embeddable":true,"href":"https:\/\/millercanfield.pl\/en\/wp-json\/wp\/v2\/media\/813"}],"wp:attachment":[{"href":"https:\/\/millercanfield.pl\/en\/wp-json\/wp\/v2\/media?parent=6909"}],"curies":[{"name":"wp","href":"https:\/\/api.w.org\/{rel}","templated":true}]}}